{"id":1848,"date":"2024-04-25T17:13:48","date_gmt":"2024-04-25T17:13:48","guid":{"rendered":"https:\/\/neurogmunden.at\/wordpress\/?page_id=1848"},"modified":"2025-02-23T22:03:47","modified_gmt":"2025-02-23T21:03:47","slug":"home","status":"publish","type":"page","link":"https:\/\/neurogmunden.at\/wordpress\/","title":{"rendered":"home"},"content":{"rendered":"\n<figure class=\"wp-block-table\"><table class=\"has-border-color has-ast-global-color-0-border-color\"><tbody><tr><td>Miller v. Aichholzstr. 25<br>4810 Gmunden<br>tel: 07612\/74888<br><br>telefonische Erreichbarkeit<br>bis 30 min. vor Ordinationsende<\/td><td class=\"has-text-align-right\" data-align=\"right\">Ordinationszeiten:<br>Mo 13-18 Uhr<br>Mi 12-17 Uhr<br>Di\/Do\/Fr 8.30-13.30 Uhr<br>Gutachten au\u00dferhalb der<br>Ordinationszeiten nach Vereinbarung<\/td><\/tr><\/tbody><\/table><\/figure>\n\n\n\n<p class=\"has-text-align-center\"><strong>Herzlich willkommen in unserer Ordination!<\/strong><\/p>\n\n\n\n<p>Telefonische Terminvereinbarung erforderlich. Bei Verhinderung ersuchen wir um ehestm\u00f6gliche Absage, da nicht eingehaltene Termine in Rechnung gestellt werden. Terminabsagen sind \u00fcber die <a href=\"https:\/\/neurogmunden.at\/wordpress\/kontakt\/\" data-type=\"page\" data-id=\"1855\">Kontakt-Seite<\/a> oder telefonisch m\u00f6glich.<\/p>\n\n\n\n<p>Der Eingang zu unserer Ordination befindet sich im Innenhof der Pfarrkirche Gmunden-Ort. Die Ordination ist barrierefrei zu erreichen.<\/p>\n\n\n\n<div class=\"wp-block-uagb-slider uagb-block-c1ad7e96 uagb-slider-container\"><div class=\"uagb-slides uagb-swiper\"><div class=\"swiper-wrapper\">\n<div class=\"wp-block-uagb-slider-child uagb-slider-child-wrap swiper-slide uagb-block-a40c3af6\"><div class=\"swiper-content\">\n<div class=\"wp-block-uagb-container uagb-block-3ec3abfc alignfull uagb-is-root-container\"><div class=\"uagb-container-inner-blocks-wrap\">\n<div class=\"wp-block-uagb-image aligncenter uagb-block-2ebb3357 wp-block-uagb-image--layout-default wp-block-uagb-image--effect-static wp-block-uagb-image--align-center\"><figure class=\"wp-block-uagb-image__figure\"><img decoding=\"async\" srcset=\"https:\/\/neurogmunden.at\/wordpress\/wp-content\/uploads\/mapg.png ,https:\/\/neurogmunden.at\/wordpress\/wp-content\/uploads\/mapg.png 780w, https:\/\/neurogmunden.at\/wordpress\/wp-content\/uploads\/mapg.png 360w\" sizes=\"auto, (max-width: 480px) 150px\" src=\"https:\/\/neurogmunden.at\/wordpress\/wp-content\/uploads\/mapg.png\" alt=\"\" class=\"uag-image-2099\" width=\"981\" height=\"593\" title=\"mapg\" loading=\"lazy\" role=\"img\"\/><\/figure><\/div>\n<\/div><\/div>\n<\/div><\/div>\n\n\n\n<div class=\"wp-block-uagb-slider-child uagb-slider-child-wrap swiper-slide uagb-block-655d821b\"><div class=\"swiper-content\">\n<div class=\"wp-block-uagb-container uagb-block-d8f8293f alignfull uagb-is-root-container\"><div class=\"uagb-container-inner-blocks-wrap\">\n<div class=\"wp-block-uagb-image aligncenter uagb-block-caec2f9b wp-block-uagb-image--layout-default wp-block-uagb-image--effect-static wp-block-uagb-image--align-center\"><figure class=\"wp-block-uagb-image__figure\"><img decoding=\"async\" srcset=\"https:\/\/neurogmunden.at\/wordpress\/wp-content\/uploads\/2024\/04\/anmeldung-2.png ,https:\/\/neurogmunden.at\/wordpress\/wp-content\/uploads\/2024\/04\/anmeldung-2.png 780w, https:\/\/neurogmunden.at\/wordpress\/wp-content\/uploads\/2024\/04\/anmeldung-2.png 360w\" sizes=\"auto, (max-width: 480px) 150px\" src=\"https:\/\/neurogmunden.at\/wordpress\/wp-content\/uploads\/2024\/04\/anmeldung-2.png\" alt=\"\" class=\"uag-image-1873\" width=\"1064\" height=\"581\" title=\"anmeldung-2\" loading=\"lazy\" role=\"img\"\/><\/figure><\/div>\n<\/div><\/div>\n<\/div><\/div>\n\n\n\n<div class=\"wp-block-uagb-slider-child uagb-slider-child-wrap swiper-slide uagb-block-aeb8701e\"><div class=\"swiper-content\">\n<div class=\"wp-block-uagb-image aligncenter uagb-block-0fb99cec wp-block-uagb-image--layout-default wp-block-uagb-image--effect-static wp-block-uagb-image--align-center\"><figure class=\"wp-block-uagb-image__figure\"><img decoding=\"async\" srcset=\"https:\/\/neurogmunden.at\/wordpress\/wp-content\/uploads\/2024\/04\/wartezimmer-1.png ,https:\/\/neurogmunden.at\/wordpress\/wp-content\/uploads\/2024\/04\/wartezimmer-1.png 780w, https:\/\/neurogmunden.at\/wordpress\/wp-content\/uploads\/2024\/04\/wartezimmer-1.png 360w\" sizes=\"auto, (max-width: 480px) 150px\" src=\"https:\/\/neurogmunden.at\/wordpress\/wp-content\/uploads\/2024\/04\/wartezimmer-1.png\" alt=\"\" class=\"uag-image-1874\" width=\"1063\" height=\"587\" title=\"wartezimmer-1\" loading=\"lazy\" role=\"img\"\/><\/figure><\/div>\n<\/div><\/div>\n\n\n\n<div class=\"wp-block-uagb-slider-child uagb-slider-child-wrap swiper-slide uagb-block-f864c516\"><div class=\"swiper-content\">\n<div class=\"wp-block-uagb-image aligncenter uagb-block-2141a574 wp-block-uagb-image--layout-default wp-block-uagb-image--effect-static wp-block-uagb-image--align-center\"><figure class=\"wp-block-uagb-image__figure\"><img decoding=\"async\" srcset=\"https:\/\/neurogmunden.at\/wordpress\/wp-content\/uploads\/2024\/04\/untersuchungsraum-1.png ,https:\/\/neurogmunden.at\/wordpress\/wp-content\/uploads\/2024\/04\/untersuchungsraum-1.png 780w, https:\/\/neurogmunden.at\/wordpress\/wp-content\/uploads\/2024\/04\/untersuchungsraum-1.png 360w\" sizes=\"auto, (max-width: 480px) 150px\" src=\"https:\/\/neurogmunden.at\/wordpress\/wp-content\/uploads\/2024\/04\/untersuchungsraum-1.png\" alt=\"\" class=\"uag-image-1875\" width=\"1059\" height=\"588\" title=\"untersuchungsraum-1\" loading=\"lazy\" role=\"img\"\/><\/figure><\/div>\n<\/div><\/div>\n<\/div><\/div><div class=\"swiper-pagination\"><\/div><div class=\"swiper-button-prev\"><\/div><div class=\"swiper-button-next\"><\/div><\/div>\n\n\n\n<p>Anreise:<br>mit der Stra\u00dfenbahn:<br>Haltestelle &#8222;Gmunden Rosenkranz&#8220; &#8211;&gt; Richtung Krankenhaus &#8211;&gt; nach 400m links Buchenweg<\/p>\n\n\n\n<p>mit dem Bus:<br>Nr. 512: Haltestelle &#8222;Gmunden Berufsschulen&#8220; &#8211;&gt; Richtung Krankenhaus &#8211;&gt; nach 30m links in den Buchenweg<br>Nr. 513, 520,531,533: Haltestelle &#8222;Gmunden Krankenhaus&#8220; &#8211;&gt; Richtung SEP &#8211;&gt; nach 140m rechts zur Kirche<\/p>\n\n\n\n<p>mit dem Fahrrad\/Auto:<br>Krankenhaus &#8211;&gt; Kreisverkehr &#8211;&gt; nach 200m rechts in den Buchenweg<\/p>\n","protected":false},"excerpt":{"rendered":"<p>Miller v. Aichholzstr. 254810 Gmundentel: 07612\/74888 telefonische Erreichbarkeitbis 30 min. vor Ordinationsende Ordinationszeiten:Mo 13-18 UhrMi 12-17 UhrDi\/Do\/Fr 8.30-13.30 UhrGutachten au\u00dferhalb derOrdinationszeiten nach Vereinbarung Herzlich willkommen in unserer Ordination! Telefonische Terminvereinbarung erforderlich. Bei Verhinderung ersuchen wir um ehestm\u00f6gliche Absage, da nicht eingehaltene Termine in Rechnung gestellt werden. Terminabsagen sind \u00fcber die Kontakt-Seite oder telefonisch m\u00f6glich. Der [&hellip;]<\/p>\n","protected":false},"author":1,"featured_media":0,"parent":0,"menu_order":0,"comment_status":"closed","ping_status":"closed","template":"","meta":{"_uag_custom_page_level_css":"","site-sidebar-layout":"default","site-content-layout":"","ast-site-content-layout":"default","site-content-style":"default","site-sidebar-style":"default","ast-global-header-display":"","ast-banner-title-visibility":"","ast-main-header-display":"","ast-hfb-above-header-display":"","ast-hfb-below-header-display":"","ast-hfb-mobile-header-display":"","site-post-title":"disabled","ast-breadcrumbs-content":"","ast-featured-img":"","footer-sml-layout":"","theme-transparent-header-meta":"","adv-header-id-meta":"","stick-header-meta":"","header-above-stick-meta":"","header-main-stick-meta":"","header-below-stick-meta":"","astra-migrate-meta-layouts":"set","ast-page-background-enabled":"default","ast-page-background-meta":{"desktop":{"background-color":"","background-image":"","background-repeat":"repeat","background-position":"center center","background-size":"auto","background-attachment":"scroll","background-type":"","background-media":"","overlay-type":"","overlay-color":"","overlay-opacity":"","overlay-gradient":""},"tablet":{"background-color":"","background-image":"","background-repeat":"repeat","background-position":"center center","background-size":"auto","background-attachment":"scroll","background-type":"","background-media":"","overlay-type":"","overlay-color":"","overlay-opacity":"","overlay-gradient":""},"mobile":{"background-color":"","background-image":"","background-repeat":"repeat","background-position":"center center","background-size":"auto","background-attachment":"scroll","background-type":"","background-media":"","overlay-type":"","overlay-color":"","overlay-opacity":"","overlay-gradient":""}},"ast-content-background-meta":{"desktop":{"background-color":"var(--ast-global-color-5)","background-image":"","background-repeat":"repeat","background-position":"center center","background-size":"auto","background-attachment":"scroll","background-type":"","background-media":"","overlay-type":"","overlay-color":"","overlay-opacity":"","overlay-gradient":""},"tablet":{"background-color":"var(--ast-global-color-5)","background-image":"","background-repeat":"repeat","background-position":"center center","background-size":"auto","background-attachment":"scroll","background-type":"","background-media":"","overlay-type":"","overlay-color":"","overlay-opacity":"","overlay-gradient":""},"mobile":{"background-color":"var(--ast-global-color-5)","background-image":"","background-repeat":"repeat","background-position":"center center","background-size":"auto","background-attachment":"scroll","background-type":"","background-media":"","overlay-type":"","overlay-color":"","overlay-opacity":"","overlay-gradient":""}},"footnotes":""},"class_list":["post-1848","page","type-page","status-publish","hentry"],"uagb_featured_image_src":{"full":false,"thumbnail":false,"medium":false,"medium_large":false,"large":false,"1536x1536":false,"2048x2048":false},"uagb_author_info":{"display_name":"admin","author_link":"https:\/\/neurogmunden.at\/wordpress\/author\/supportdame_c8t4rbh8\/"},"uagb_comment_info":0,"uagb_excerpt":"Miller v. Aichholzstr. 254810 Gmundentel: 07612\/74888 telefonische Erreichbarkeitbis 30 min. vor Ordinationsende Ordinationszeiten:Mo 13-18 UhrMi 12-17 UhrDi\/Do\/Fr 8.30-13.30 UhrGutachten au\u00dferhalb derOrdinationszeiten nach Vereinbarung Herzlich willkommen in unserer Ordination! Telefonische Terminvereinbarung erforderlich. Bei Verhinderung ersuchen wir um ehestm\u00f6gliche Absage, da nicht eingehaltene Termine in Rechnung gestellt werden. Terminabsagen sind \u00fcber die Kontakt-Seite oder telefonisch m\u00f6glich. Der&hellip;","_links":{"self":[{"href":"https:\/\/neurogmunden.at\/wordpress\/wp-json\/wp\/v2\/pages\/1848","targetHints":{"allow":["GET"]}}],"collection":[{"href":"https:\/\/neurogmunden.at\/wordpress\/wp-json\/wp\/v2\/pages"}],"about":[{"href":"https:\/\/neurogmunden.at\/wordpress\/wp-json\/wp\/v2\/types\/page"}],"author":[{"embeddable":true,"href":"https:\/\/neurogmunden.at\/wordpress\/wp-json\/wp\/v2\/users\/1"}],"replies":[{"embeddable":true,"href":"https:\/\/neurogmunden.at\/wordpress\/wp-json\/wp\/v2\/comments?post=1848"}],"version-history":[{"count":7,"href":"https:\/\/neurogmunden.at\/wordpress\/wp-json\/wp\/v2\/pages\/1848\/revisions"}],"predecessor-version":[{"id":2190,"href":"https:\/\/neurogmunden.at\/wordpress\/wp-json\/wp\/v2\/pages\/1848\/revisions\/2190"}],"wp:attachment":[{"href":"https:\/\/neurogmunden.at\/wordpress\/wp-json\/wp\/v2\/media?parent=1848"}],"curies":[{"name":"wp","href":"https:\/\/api.w.org\/{rel}","templated":true}]}}