{"id":1853,"date":"2024-04-25T16:49:17","date_gmt":"2024-04-25T16:49:17","guid":{"rendered":"https:\/\/neurogmunden.at\/wordpress\/?page_id=1853"},"modified":"2024-05-29T22:17:08","modified_gmt":"2024-05-29T20:17:08","slug":"rezeptbestellung","status":"publish","type":"page","link":"https:\/\/neurogmunden.at\/wordpress\/rezeptbestellung\/","title":{"rendered":"Rezeptbestellung"},"content":{"rendered":"\n<p>Sie k\u00f6nnen ausschlie\u00dflich Rezepte bestellen, die von unserer Ordination in der Vergangenheit bereits verordnet wurden. Anfragen, bei denen dies nicht der Fall ist, werden nicht bearbeitet. Es m\u00fcssen alle Felder ausgef\u00fcllt werden.<\/p>\n\n\n\n<p>Die Rezepte werden auf die e-card gebucht, sie erhalten im Anschluss eine Best\u00e4tigung per e-mail. Aus Datenschutzgr\u00fcnden enth\u00e4lt diese lediglich den Betreff &#8222;Ihre Anfrage wurde erfolgreich bearbeitet!&#8220; ohne weiteren Text. Die Bearbeitung kann 1-2 Werktage dauern.<\/p>\n\n\n\n<div class=\"wpcf7 no-js\" id=\"wpcf7-f1999-o1\" lang=\"de-DE\" dir=\"ltr\" data-wpcf7-id=\"1999\">\n<div class=\"screen-reader-response\"><p role=\"status\" aria-live=\"polite\" aria-atomic=\"true\"><\/p> <ul><\/ul><\/div>\n<form action=\"\/wordpress\/wp-json\/wp\/v2\/pages\/1853#wpcf7-f1999-o1\" method=\"post\" class=\"wpcf7-form init\" aria-label=\"Kontaktformular\" novalidate=\"novalidate\" data-status=\"init\">\n<fieldset class=\"hidden-fields-container\"><input type=\"hidden\" name=\"_wpcf7\" value=\"1999\" \/><input type=\"hidden\" name=\"_wpcf7_version\" value=\"6.1.5\" \/><input type=\"hidden\" name=\"_wpcf7_locale\" value=\"de_DE\" \/><input type=\"hidden\" name=\"_wpcf7_unit_tag\" value=\"wpcf7-f1999-o1\" \/><input type=\"hidden\" name=\"_wpcf7_container_post\" value=\"0\" \/><input type=\"hidden\" name=\"_wpcf7_posted_data_hash\" value=\"\" \/><input type=\"hidden\" name=\"upload_dir\" value=\"1080378732\" \/><input type=\"hidden\" name=\"generate_name\" value=\"05-01-26-69f488bfbcdce\" \/>\n<\/fieldset>\n<p><label>Name: (\n\t\t<font color=\"red\">*\n\t\t<\/font>)<br \/>\n<span class=\"wpcf7-form-control-wrap\" data-name=\"your-name\"><input size=\"40\" maxlength=\"400\" class=\"wpcf7-form-control wpcf7-text wpcf7-validates-as-required\" autocomplete=\"name\" aria-required=\"true\" aria-invalid=\"false\" value=\"\" type=\"text\" name=\"your-name\" \/><\/span> <\/label>\n<\/p>\n<p><label> e-mail-Adresse: (\n\t\t<font color=\"red\">*\n\t\t<\/font>)<br \/>\n<span class=\"wpcf7-form-control-wrap\" data-name=\"your-email\"><input size=\"40\" maxlength=\"400\" class=\"wpcf7-form-control wpcf7-email wpcf7-validates-as-required wpcf7-text wpcf7-validates-as-email\" autocomplete=\"email\" aria-required=\"true\" aria-invalid=\"false\" value=\"\" type=\"email\" name=\"your-email\" \/><\/span> <\/label>\n<\/p>\n<p><label> Sozialversicherungsnummer: (\n\t\t<font color=\"red\">*\n\t\t<\/font>)<br \/>\n<span class=\"wpcf7-form-control-wrap\" data-name=\"your-ssn\"><input class=\"wpcf7-form-control wpcf7-number wpcf7-validates-as-required wpcf7-validates-as-number\" aria-required=\"true\" aria-invalid=\"false\" value=\"\" type=\"number\" name=\"your-ssn\" \/><\/span> <\/label>\n<\/p>\n<p><label> Telefonnummer: (\n\t\t<font color=\"red\">*\n\t\t<\/font>)<br \/>\n<span class=\"wpcf7-form-control-wrap\" data-name=\"tel-507\"><input size=\"40\" maxlength=\"400\" class=\"wpcf7-form-control wpcf7-tel wpcf7-validates-as-required wpcf7-text wpcf7-validates-as-tel\" autocomplete=\"tel\" aria-required=\"true\" aria-invalid=\"false\" value=\"\" type=\"tel\" name=\"tel-507\" \/><\/span> <\/label>\n<\/p>\n<p><label> Ben\u00f6tigte Rezepte: (\n\t\t<font color=\"red\">*\n\t\t<\/font>)<br \/>\n<span class=\"wpcf7-form-control-wrap\" data-name=\"your-message\"><textarea cols=\"40\" rows=\"10\" maxlength=\"2000\" class=\"wpcf7-form-control wpcf7-textarea wpcf7-validates-as-required\" aria-required=\"true\" aria-invalid=\"false\" name=\"your-message\"><\/textarea><\/span> <\/label>\n<\/p>\n<p>Ich akzeptiere die <a href=\"\/wordpress\/datenschutz\/\" target=\"_blank\"><u>Datenschutzerkl\u00e4rung<\/u>. (\n\t\t<font color=\"red\">*\n\t\t<\/font>) <\/a><br \/>\n<span class=\"wpcf7-form-control-wrap\" data-name=\"Datenschutzerklaerung\"><span class=\"wpcf7-form-control wpcf7-acceptance\"><span class=\"wpcf7-list-item\"><input type=\"checkbox\" name=\"Datenschutzerklaerung\" value=\"1\" aria-invalid=\"false\" \/><\/span><\/span><\/span>\n<\/p>\n<p><input class=\"wpcf7-form-control wpcf7-submit has-spinner\" type=\"submit\" value=\"Senden\" \/>\n<\/p><div class=\"wpcf7-response-output\" aria-hidden=\"true\"><\/div>\n<\/form>\n<\/div>\n\n","protected":false},"excerpt":{"rendered":"<p>Sie k\u00f6nnen ausschlie\u00dflich Rezepte bestellen, die von unserer Ordination in der Vergangenheit bereits verordnet wurden. Anfragen, bei denen dies nicht der Fall ist, werden nicht bearbeitet. Es m\u00fcssen alle Felder ausgef\u00fcllt werden. Die Rezepte werden auf die e-card gebucht, sie erhalten im Anschluss eine Best\u00e4tigung per e-mail. Aus Datenschutzgr\u00fcnden enth\u00e4lt diese lediglich den Betreff &#8222;Ihre [&hellip;]<\/p>\n","protected":false},"author":1,"featured_media":0,"parent":0,"menu_order":0,"comment_status":"closed","ping_status":"closed","template":"","meta":{"_uag_custom_page_level_css":"","site-sidebar-layout":"default","site-content-layout":"","ast-site-content-layout":"default","site-content-style":"default","site-sidebar-style":"default","ast-global-header-display":"","ast-banner-title-visibility":"","ast-main-header-display":"","ast-hfb-above-header-display":"","ast-hfb-below-header-display":"","ast-hfb-mobile-header-display":"","site-post-title":"disabled","ast-breadcrumbs-content":"","ast-featured-img":"","footer-sml-layout":"","theme-transparent-header-meta":"","adv-header-id-meta":"","stick-header-meta":"","header-above-stick-meta":"","header-main-stick-meta":"","header-below-stick-meta":"","astra-migrate-meta-layouts":"set","ast-page-background-enabled":"default","ast-page-background-meta":{"desktop":{"background-color":"","background-image":"","background-repeat":"repeat","background-position":"center center","background-size":"auto","background-attachment":"scroll","background-type":"","background-media":"","overlay-type":"","overlay-color":"","overlay-opacity":"","overlay-gradient":""},"tablet":{"background-color":"","background-image":"","background-repeat":"repeat","background-position":"center center","background-size":"auto","background-attachment":"scroll","background-type":"","background-media":"","overlay-type":"","overlay-color":"","overlay-opacity":"","overlay-gradient":""},"mobile":{"background-color":"","background-image":"","background-repeat":"repeat","background-position":"center center","background-size":"auto","background-attachment":"scroll","background-type":"","background-media":"","overlay-type":"","overlay-color":"","overlay-opacity":"","overlay-gradient":""}},"ast-content-background-meta":{"desktop":{"background-color":"var(--ast-global-color-5)","background-image":"","background-repeat":"repeat","background-position":"center center","background-size":"auto","background-attachment":"scroll","background-type":"","background-media":"","overlay-type":"","overlay-color":"","overlay-opacity":"","overlay-gradient":""},"tablet":{"background-color":"var(--ast-global-color-5)","background-image":"","background-repeat":"repeat","background-position":"center center","background-size":"auto","background-attachment":"scroll","background-type":"","background-media":"","overlay-type":"","overlay-color":"","overlay-opacity":"","overlay-gradient":""},"mobile":{"background-color":"var(--ast-global-color-5)","background-image":"","background-repeat":"repeat","background-position":"center center","background-size":"auto","background-attachment":"scroll","background-type":"","background-media":"","overlay-type":"","overlay-color":"","overlay-opacity":"","overlay-gradient":""}},"footnotes":""},"class_list":["post-1853","page","type-page","status-publish","hentry"],"uagb_featured_image_src":{"full":false,"thumbnail":false,"medium":false,"medium_large":false,"large":false,"1536x1536":false,"2048x2048":false},"uagb_author_info":{"display_name":"admin","author_link":"https:\/\/neurogmunden.at\/wordpress\/author\/supportdame_c8t4rbh8\/"},"uagb_comment_info":0,"uagb_excerpt":"Sie k\u00f6nnen ausschlie\u00dflich Rezepte bestellen, die von unserer Ordination in der Vergangenheit bereits verordnet wurden. Anfragen, bei denen dies nicht der Fall ist, werden nicht bearbeitet. Es m\u00fcssen alle Felder ausgef\u00fcllt werden. Die Rezepte werden auf die e-card gebucht, sie erhalten im Anschluss eine Best\u00e4tigung per e-mail. Aus Datenschutzgr\u00fcnden enth\u00e4lt diese lediglich den Betreff &#8222;Ihre&hellip;","_links":{"self":[{"href":"https:\/\/neurogmunden.at\/wordpress\/wp-json\/wp\/v2\/pages\/1853","targetHints":{"allow":["GET"]}}],"collection":[{"href":"https:\/\/neurogmunden.at\/wordpress\/wp-json\/wp\/v2\/pages"}],"about":[{"href":"https:\/\/neurogmunden.at\/wordpress\/wp-json\/wp\/v2\/types\/page"}],"author":[{"embeddable":true,"href":"https:\/\/neurogmunden.at\/wordpress\/wp-json\/wp\/v2\/users\/1"}],"replies":[{"embeddable":true,"href":"https:\/\/neurogmunden.at\/wordpress\/wp-json\/wp\/v2\/comments?post=1853"}],"version-history":[{"count":14,"href":"https:\/\/neurogmunden.at\/wordpress\/wp-json\/wp\/v2\/pages\/1853\/revisions"}],"predecessor-version":[{"id":2049,"href":"https:\/\/neurogmunden.at\/wordpress\/wp-json\/wp\/v2\/pages\/1853\/revisions\/2049"}],"wp:attachment":[{"href":"https:\/\/neurogmunden.at\/wordpress\/wp-json\/wp\/v2\/media?parent=1853"}],"curies":[{"name":"wp","href":"https:\/\/api.w.org\/{rel}","templated":true}]}}