{"id":1974,"date":"2024-05-01T16:50:59","date_gmt":"2024-05-01T16:50:59","guid":{"rendered":"https:\/\/neurogmunden.at\/wordpress\/?page_id=1974"},"modified":"2024-05-31T12:28:42","modified_gmt":"2024-05-31T10:28:42","slug":"datenschutz","status":"publish","type":"page","link":"https:\/\/neurogmunden.at\/wordpress\/home\/datenschutz\/","title":{"rendered":"Datenschutz"},"content":{"rendered":"\n<p class=\"has-medium-font-size\"><strong>Datenschutzerkl\u00e4rung gem\u00e4\u00df \u00a713 Datenschutzgrundverordnung (DSGVO)<\/strong><\/p>\n\n\n\n<p>Der Verantwortliche f\u00fcr die Verarbeitung ist:<\/p>\n\n\n\n<p>Dr. Georg Caravias<\/p>\n\n\n\n<p>Miller von Aichholzstr. 25<br>4810 Gmunden<\/p>\n\n\n\n<p>Ein Datenschutzbeauftragter ist nicht bestellt.<\/p>\n\n\n\n<p><strong>Details zur Datenverarbeitung:<\/strong><\/p>\n\n\n\n<p>Beim Besuch einer Website werden bestimmte Informationen automatisch generiert und gespeichert. Wenn Sie unsere Website besuchen, speichert der Server (der Computer, auf dem diese Webseite gespeichert ist) unseres unten genannten Auftragsverarbeiters automatisch folgende Daten:<\/p>\n\n\n\n<ul class=\"wp-block-list\">\n<li>die Adresse (URL) der aufgerufenen Webseite<\/li>\n\n\n\n<li>Browser und Browserversion<\/li>\n\n\n\n<li>das verwendete Betriebssystem<\/li>\n\n\n\n<li>Menge der \u00fcbermittelten Daten<\/li>\n\n\n\n<li>die Adresse (URL) der zuvor besuchten Seite<\/li>\n\n\n\n<li>den Hostname und die IP-Adresse des Ger\u00e4ts, von welchem aus zugegriffen wird<\/li>\n\n\n\n<li>Datum und Uhrzeit<\/li>\n<\/ul>\n\n\n\n<p>Auf Basis der IP-Adresse zusammen mit dem Zeitpunkt des Zugriffs l\u00e4sst sich der Anschlussinhaber des Internetzugangs identifizieren. Allerdings braucht man hierf\u00fcr die Mithilfe des Internet-Providers des Anschlussinhabers.<\/p>\n\n\n\n<p>Wir verwenden f\u00fcr diese Website gem\u00e4\u00df \u00a725 der DSGVO ein sogenanntes SSL-Zertifikat, um die \u00dcbertragung aller Daten zwischen dem Webserver unseres Auftragsverarbeiters und Ihrem Ger\u00e4t zu verschl\u00fcsseln. Sie erkennen die aktive Verschl\u00fcsselung am kleinen Schlosssymbol und dem Text \u201ehttps\u201c in der Adressleiste Ihres Browsers. Ein Aufruf unserer Seiten ohne SSL-Verschl\u00fcsselung ist nicht m\u00f6glich.<\/p>\n\n\n\n<p>Daten, die Sie \u00fcber die Formulare &#8222;Kontakt&#8220; und &#8222;Rezeptbestellung&#8220; eingeben, sind nach DSGVO \u00a79 Abs. 1 als Gesundheitsdaten besonders gesch\u00fctzt. Unser Recht auf Verarbeitung dieser Daten entsteht aus DSGVO \u00a79 Abs 2 lit. h und \u00a79 Abs. 3. Die eingegebenen Daten werden vom Server unseres Auftragsverarbeiters per e-mail an uns weitergeleitet. Vor dem Versand werden Sie mit dem Programm <a href=\"https:\/\/de.wikipedia.org\/wiki\/Pretty_Good_Privacy#Sicherheit\"><mark style=\"background-color:rgba(0, 0, 0, 0)\" class=\"has-inline-color has-ast-global-color-3-color\">&#8222;Pretty Good Privacy&#8220;<\/mark><\/a> end-zu-end-verschl\u00fcsselt, der Versand der verschl\u00fcsselten e-mail ist zus\u00e4tzlich mit dem TSL\/SSL-Protokoll abgesichert. Der Abruf der verschl\u00fcsselten e-mail durch uns erfolgt wiederum gesch\u00fctzt durch ein SSL-Zertifikat. Die Entschl\u00fcsselung erfolgt erst wieder lokal auf den Rechnern der Ordination.<\/p>\n\n\n\n<p>Die Website setzt &#8222;session cookies&#8220;, die beim Schlie\u00dfen der Website wieder gel\u00f6scht werden. Ein &#8222;opt-in&#8220; nach DSGVO ist f\u00fcr diese Form der Cookies nicht erforderlich, daher sehen Sie auch keinen Cookie-Banner beim Aufruf der Website. Andere Cookies werden nicht gesetzt, eine dar\u00fcberhinausgehende Datenverarbeitung (google analytics etc.) findet im Zusammenhang mit dem Besuch unserer Website nicht statt. Es finden keine automatisierten Einzelentscheidungen statt. Die google fonts sind lokal auf unserem Server gespeichert. <\/p>\n\n\n\n<p><\/p>\n\n\n\n<p><strong>Die Daten werden f\u00fcr folgende Zwecke verwendet:<\/strong><\/p>\n\n\n\n<p>Verwaltung dieser Website. Verarbeitung der von Ihnen \u00fcber diese Webseite gestellten Anfragen. Eine Weiterverwendung von Daten f\u00fcr andere Zwecke findet nicht statt.<\/p>\n\n\n\n<p><strong>Rechtsgrundlage der Verarbeitung:<\/strong><\/p>\n\n\n\n<p>Wir verarbeiten Ihre personenbezogenen Daten auf Grundlage unseres \u00fcberwiegenden berechtigten Interesses: Die gegenst\u00e4ndlichen Datenverarbeitungen sind f\u00fcr die Verwaltung und die Aufrechterhaltung der generellen Funktionsf\u00e4higkeit einer Website erforderlich. Ohne die Verarbeitung dieser Daten w\u00e4re der Betrieb dieser Website daher nicht m\u00f6glich. Die Verwendung der Website durch die Nutzer erfolgt auf freiwilliger Basis und stellt keine Voraussetzung f\u00fcr die Inanspruchnahme unserer Leistungen dar.<\/p>\n\n\n\n<p><strong>L\u00f6schfristen:<\/strong><\/p>\n\n\n\n<p>Die in den Kontaktformularen eingegebenen Daten werden nach Abarbeitung Ihrer Anfrage vollst\u00e4ndig gel\u00f6scht.<\/p>\n\n\n\n<p>\u00dcbermittelte Dateien werden automatisch gel\u00f6scht. Dies geschieht 4 Wochen nach \u00dcbermittelung, damit bei l\u00e4ngere Abwesenheit keine Dateien verlorengehen.<\/p>\n\n\n\n<p><strong>Auftragsverarbeiter:<\/strong><\/p>\n\n\n\n<p>Zur Verwaltung dieser Website bedienen wir uns eines Auftragsverarbeiters:<\/p>\n\n\n\n<p>A1 Telekom Austria AG, Lassallestra\u00dfe 9, A-1020 Wien<\/p>\n\n\n\n<p><strong>Empf\u00e4nger von Daten\/\u00dcbermittlung an Drittl\u00e4nder:<\/strong><\/p>\n\n\n\n<p>Daten zur Verwaltung der Website werden nur \u00fcbermittelt, wenn ein Angriff oder ein illegaler Zugriff vermutet wird und zur Kl\u00e4rung und Verfolgung die Daten an technische Fachleute und Sicherheitsbeh\u00f6rden weitergeleitet werden. Weiters k\u00f6nnen wir nicht ausschlie\u00dfen, dass diese Daten beim Vorliegen von rechtswidrigem Verhalten von Strafverfolgungsbeh\u00f6rden eingesehen werden.<\/p>\n\n\n\n<p>Die Daten werden nicht an Empf\u00e4nger in Drittl\u00e4ndern oder internationale Organisationen \u00fcbermittelt.<\/p>\n\n\n\n<p><strong>Rechte laut Datenschutzgrundverordnung:<\/strong><\/p>\n\n\n\n<p>Ihnen stehen laut den Bestimmungen der DSGVO und des \u00f6sterreichischen Datenschutzgesetzes (DSG) grunds\u00e4tzlich die folgende Rechte zu:<\/p>\n\n\n\n<ul class=\"wp-block-list\">\n<li>Recht auf Auskunft (Art 15 DSGVO)<\/li>\n\n\n\n<li>Recht auf Berichtung (Art 16 DSGVO)<\/li>\n\n\n\n<li>Recht auf L\u00f6schung (Art 17 DSGVO)<\/li>\n\n\n\n<li>Recht auf Einschr\u00e4nkung der Verarbeitung (Art 18 DSGVO)<\/li>\n\n\n\n<li>Widerspruchsrecht (Art 21 DSGVO)<\/li>\n<\/ul>\n\n\n\n<p>Hinsichtlich der im \u00c4rztegesetz 1998 vorgesehenen Datenverarbeitungen sind die Rechte und Pflichten gem\u00e4\u00df Art 13, 14, 18 und 21 DSGVO ausgeschlossen (\u00a73b Abs 2 \u00c4rztegesetz 1998).<\/p>\n\n\n\n<p>Die Aus\u00fcbung des Rechtes auf Einschr\u00e4nkung der Verarbeitung und des Widerspruchsrechts kann aufgrund der weltweiten Abrufbarkeit der Website ohne vorherige Identit\u00e4tsfeststellung des Nutzers technisch nicht gew\u00e4hrleistet werden.<\/p>\n\n\n\n<p><strong>Datenschutzbeh\u00f6rde:<\/strong><\/p>\n\n\n\n<p>Wenn Sie glauben, dass die Verarbeitung Ihrer Daten gegen das Datenschutzrecht verst\u00f6\u00dft oder Ihre datenschutzrechtlichen Anspr\u00fcche sonst in einer Weise verletzt worden sind, k\u00f6nnen Sie sich an die &nbsp;Datenschutzbeh\u00f6rde ( <a href=\"https:\/\/www.dsb.gv.at\">https:\/\/www.dsb.gv.at<\/a>) wenden.<\/p>\n","protected":false},"excerpt":{"rendered":"<p>Datenschutzerkl\u00e4rung gem\u00e4\u00df \u00a713 Datenschutzgrundverordnung (DSGVO) Der Verantwortliche f\u00fcr die Verarbeitung ist: Dr. Georg Caravias Miller von Aichholzstr. 254810 Gmunden Ein Datenschutzbeauftragter ist nicht bestellt. Details zur Datenverarbeitung: Beim Besuch einer Website werden bestimmte Informationen automatisch generiert und gespeichert. Wenn Sie unsere Website besuchen, speichert der Server (der Computer, auf dem diese Webseite gespeichert ist) unseres [&hellip;]<\/p>\n","protected":false},"author":1,"featured_media":0,"parent":1848,"menu_order":0,"comment_status":"closed","ping_status":"closed","template":"","meta":{"_uag_custom_page_level_css":"","site-sidebar-layout":"default","site-content-layout":"","ast-site-content-layout":"default","site-content-style":"default","site-sidebar-style":"default","ast-global-header-display":"","ast-banner-title-visibility":"","ast-main-header-display":"","ast-hfb-above-header-display":"","ast-hfb-below-header-display":"","ast-hfb-mobile-header-display":"","site-post-title":"disabled","ast-breadcrumbs-content":"","ast-featured-img":"","footer-sml-layout":"","theme-transparent-header-meta":"","adv-header-id-meta":"","stick-header-meta":"","header-above-stick-meta":"","header-main-stick-meta":"","header-below-stick-meta":"","astra-migrate-meta-layouts":"set","ast-page-background-enabled":"default","ast-page-background-meta":{"desktop":{"background-color":"","background-image":"","background-repeat":"repeat","background-position":"center center","background-size":"auto","background-attachment":"scroll","background-type":"","background-media":"","overlay-type":"","overlay-color":"","overlay-opacity":"","overlay-gradient":""},"tablet":{"background-color":"","background-image":"","background-repeat":"repeat","background-position":"center center","background-size":"auto","background-attachment":"scroll","background-type":"","background-media":"","overlay-type":"","overlay-color":"","overlay-opacity":"","overlay-gradient":""},"mobile":{"background-color":"","background-image":"","background-repeat":"repeat","background-position":"center center","background-size":"auto","background-attachment":"scroll","background-type":"","background-media":"","overlay-type":"","overlay-color":"","overlay-opacity":"","overlay-gradient":""}},"ast-content-background-meta":{"desktop":{"background-color":"var(--ast-global-color-5)","background-image":"","background-repeat":"repeat","background-position":"center center","background-size":"auto","background-attachment":"scroll","background-type":"","background-media":"","overlay-type":"","overlay-color":"","overlay-opacity":"","overlay-gradient":""},"tablet":{"background-color":"var(--ast-global-color-5)","background-image":"","background-repeat":"repeat","background-position":"center center","background-size":"auto","background-attachment":"scroll","background-type":"","background-media":"","overlay-type":"","overlay-color":"","overlay-opacity":"","overlay-gradient":""},"mobile":{"background-color":"var(--ast-global-color-5)","background-image":"","background-repeat":"repeat","background-position":"center center","background-size":"auto","background-attachment":"scroll","background-type":"","background-media":"","overlay-type":"","overlay-color":"","overlay-opacity":"","overlay-gradient":""}},"footnotes":""},"class_list":["post-1974","page","type-page","status-publish","hentry"],"uagb_featured_image_src":{"full":false,"thumbnail":false,"medium":false,"medium_large":false,"large":false,"1536x1536":false,"2048x2048":false},"uagb_author_info":{"display_name":"admin","author_link":"https:\/\/neurogmunden.at\/wordpress\/author\/supportdame_c8t4rbh8\/"},"uagb_comment_info":0,"uagb_excerpt":"Datenschutzerkl\u00e4rung gem\u00e4\u00df \u00a713 Datenschutzgrundverordnung (DSGVO) Der Verantwortliche f\u00fcr die Verarbeitung ist: Dr. Georg Caravias Miller von Aichholzstr. 254810 Gmunden Ein Datenschutzbeauftragter ist nicht bestellt. Details zur Datenverarbeitung: Beim Besuch einer Website werden bestimmte Informationen automatisch generiert und gespeichert. Wenn Sie unsere Website besuchen, speichert der Server (der Computer, auf dem diese Webseite gespeichert ist) unseres&hellip;","_links":{"self":[{"href":"https:\/\/neurogmunden.at\/wordpress\/wp-json\/wp\/v2\/pages\/1974","targetHints":{"allow":["GET"]}}],"collection":[{"href":"https:\/\/neurogmunden.at\/wordpress\/wp-json\/wp\/v2\/pages"}],"about":[{"href":"https:\/\/neurogmunden.at\/wordpress\/wp-json\/wp\/v2\/types\/page"}],"author":[{"embeddable":true,"href":"https:\/\/neurogmunden.at\/wordpress\/wp-json\/wp\/v2\/users\/1"}],"replies":[{"embeddable":true,"href":"https:\/\/neurogmunden.at\/wordpress\/wp-json\/wp\/v2\/comments?post=1974"}],"version-history":[{"count":20,"href":"https:\/\/neurogmunden.at\/wordpress\/wp-json\/wp\/v2\/pages\/1974\/revisions"}],"predecessor-version":[{"id":2087,"href":"https:\/\/neurogmunden.at\/wordpress\/wp-json\/wp\/v2\/pages\/1974\/revisions\/2087"}],"up":[{"embeddable":true,"href":"https:\/\/neurogmunden.at\/wordpress\/wp-json\/wp\/v2\/pages\/1848"}],"wp:attachment":[{"href":"https:\/\/neurogmunden.at\/wordpress\/wp-json\/wp\/v2\/media?parent=1974"}],"curies":[{"name":"wp","href":"https:\/\/api.w.org\/{rel}","templated":true}]}}