{"id":1984,"date":"2024-05-01T17:16:44","date_gmt":"2024-05-01T17:16:44","guid":{"rendered":"https:\/\/neurogmunden.at\/wordpress\/?page_id=1984"},"modified":"2024-05-01T17:21:13","modified_gmt":"2024-05-01T17:21:13","slug":"impressum","status":"publish","type":"page","link":"https:\/\/neurogmunden.at\/wordpress\/impressum\/","title":{"rendered":"Impressum"},"content":{"rendered":"\n<p class=\"has-medium-font-size\"><strong>Impressum<\/strong><\/p>\n\n\n\n<p>Information gem\u00e4\u00df \u00a7 5 E-Commerce-Gesetz und Offenlegung gem\u00e4\u00df \u00a7 25 Mediengesetz:<\/p>\n\n\n\n<p>Diensteanbieter und Medieninhaber: Dr. Georg Caravias<br>Facharzt f\u00fcr Neurologie<br>Miller von Aichholzstr. 25<br>4810 Gmunden<br>tel: 07612\/74888<\/p>\n\n\n\n<p>Mitglied der \u00c4rztekammer f\u00fcr Ober\u00f6sterreich<\/p>\n\n\n\n<p>Berufsbezeichnungen, verliehen in \u00d6sterreich:<br>Facharzt f\u00fcr Neurologie<br>Arzt f\u00fcr Allgemeinmedizin<br>Allgemein beeideter und gerichtlich<br>zertifizierter Sachverst\u00e4ndiger<\/p>\n\n\n\n<p>Die T\u00e4tigkeit unterliegt dem \u00c4rztegesetz 1998<\/p>\n","protected":false},"excerpt":{"rendered":"<p>Impressum Information gem\u00e4\u00df \u00a7 5 E-Commerce-Gesetz und Offenlegung gem\u00e4\u00df \u00a7 25 Mediengesetz: Diensteanbieter und Medieninhaber: Dr. Georg CaraviasFacharzt f\u00fcr NeurologieMiller von Aichholzstr. 254810 Gmundentel: 07612\/74888 Mitglied der \u00c4rztekammer f\u00fcr Ober\u00f6sterreich Berufsbezeichnungen, verliehen in \u00d6sterreich:Facharzt f\u00fcr NeurologieArzt f\u00fcr AllgemeinmedizinAllgemein beeideter und gerichtlichzertifizierter Sachverst\u00e4ndiger Die T\u00e4tigkeit unterliegt dem \u00c4rztegesetz 1998<\/p>\n","protected":false},"author":1,"featured_media":0,"parent":0,"menu_order":0,"comment_status":"closed","ping_status":"closed","template":"","meta":{"_uag_custom_page_level_css":"","site-sidebar-layout":"default","site-content-layout":"","ast-site-content-layout":"default","site-content-style":"default","site-sidebar-style":"default","ast-global-header-display":"","ast-banner-title-visibility":"","ast-main-header-display":"","ast-hfb-above-header-display":"","ast-hfb-below-header-display":"","ast-hfb-mobile-header-display":"","site-post-title":"disabled","ast-breadcrumbs-content":"","ast-featured-img":"","footer-sml-layout":"","theme-transparent-header-meta":"","adv-header-id-meta":"","stick-header-meta":"","header-above-stick-meta":"","header-main-stick-meta":"","header-below-stick-meta":"","astra-migrate-meta-layouts":"set","ast-page-background-enabled":"default","ast-page-background-meta":{"desktop":{"background-color":"","background-image":"","background-repeat":"repeat","background-position":"center center","background-size":"auto","background-attachment":"scroll","background-type":"","background-media":"","overlay-type":"","overlay-color":"","overlay-opacity":"","overlay-gradient":""},"tablet":{"background-color":"","background-image":"","background-repeat":"repeat","background-position":"center center","background-size":"auto","background-attachment":"scroll","background-type":"","background-media":"","overlay-type":"","overlay-color":"","overlay-opacity":"","overlay-gradient":""},"mobile":{"background-color":"","background-image":"","background-repeat":"repeat","background-position":"center center","background-size":"auto","background-attachment":"scroll","background-type":"","background-media":"","overlay-type":"","overlay-color":"","overlay-opacity":"","overlay-gradient":""}},"ast-content-background-meta":{"desktop":{"background-color":"var(--ast-global-color-5)","background-image":"","background-repeat":"repeat","background-position":"center center","background-size":"auto","background-attachment":"scroll","background-type":"","background-media":"","overlay-type":"","overlay-color":"","overlay-opacity":"","overlay-gradient":""},"tablet":{"background-color":"var(--ast-global-color-5)","background-image":"","background-repeat":"repeat","background-position":"center center","background-size":"auto","background-attachment":"scroll","background-type":"","background-media":"","overlay-type":"","overlay-color":"","overlay-opacity":"","overlay-gradient":""},"mobile":{"background-color":"var(--ast-global-color-5)","background-image":"","background-repeat":"repeat","background-position":"center center","background-size":"auto","background-attachment":"scroll","background-type":"","background-media":"","overlay-type":"","overlay-color":"","overlay-opacity":"","overlay-gradient":""}},"footnotes":""},"class_list":["post-1984","page","type-page","status-publish","hentry"],"uagb_featured_image_src":{"full":false,"thumbnail":false,"medium":false,"medium_large":false,"large":false,"1536x1536":false,"2048x2048":false},"uagb_author_info":{"display_name":"admin","author_link":"https:\/\/neurogmunden.at\/wordpress\/author\/supportdame_c8t4rbh8\/"},"uagb_comment_info":0,"uagb_excerpt":"Impressum Information gem\u00e4\u00df \u00a7 5 E-Commerce-Gesetz und Offenlegung gem\u00e4\u00df \u00a7 25 Mediengesetz: Diensteanbieter und Medieninhaber: Dr. Georg CaraviasFacharzt f\u00fcr NeurologieMiller von Aichholzstr. 254810 Gmundentel: 07612\/74888 Mitglied der \u00c4rztekammer f\u00fcr Ober\u00f6sterreich Berufsbezeichnungen, verliehen in \u00d6sterreich:Facharzt f\u00fcr NeurologieArzt f\u00fcr AllgemeinmedizinAllgemein beeideter und gerichtlichzertifizierter Sachverst\u00e4ndiger Die T\u00e4tigkeit unterliegt dem \u00c4rztegesetz 1998","_links":{"self":[{"href":"https:\/\/neurogmunden.at\/wordpress\/wp-json\/wp\/v2\/pages\/1984","targetHints":{"allow":["GET"]}}],"collection":[{"href":"https:\/\/neurogmunden.at\/wordpress\/wp-json\/wp\/v2\/pages"}],"about":[{"href":"https:\/\/neurogmunden.at\/wordpress\/wp-json\/wp\/v2\/types\/page"}],"author":[{"embeddable":true,"href":"https:\/\/neurogmunden.at\/wordpress\/wp-json\/wp\/v2\/users\/1"}],"replies":[{"embeddable":true,"href":"https:\/\/neurogmunden.at\/wordpress\/wp-json\/wp\/v2\/comments?post=1984"}],"version-history":[{"count":2,"href":"https:\/\/neurogmunden.at\/wordpress\/wp-json\/wp\/v2\/pages\/1984\/revisions"}],"predecessor-version":[{"id":1987,"href":"https:\/\/neurogmunden.at\/wordpress\/wp-json\/wp\/v2\/pages\/1984\/revisions\/1987"}],"wp:attachment":[{"href":"https:\/\/neurogmunden.at\/wordpress\/wp-json\/wp\/v2\/media?parent=1984"}],"curies":[{"name":"wp","href":"https:\/\/api.w.org\/{rel}","templated":true}]}}